{"id":10,"date":"2018-05-01T19:16:24","date_gmt":"2018-05-01T19:16:24","guid":{"rendered":"http:\/\/boberehab.se\/?page_id=9"},"modified":"2024-09-15T21:40:22","modified_gmt":"2024-09-15T19:40:22","slug":"lankar","status":"publish","type":"page","link":"https:\/\/www.boberehab.se\/?page_id=10","title":{"rendered":"L\u00e4nkar"},"content":{"rendered":"<p><strong><img loading=\"lazy\" decoding=\"async\" class=\"alignright size-medium wp-image-46\" src=\"https:\/\/www.boberehab.se\/wp-content\/uploads\/2024\/09\/chain-227x300.jpg\" alt=\"\" width=\"227\" height=\"300\" srcset=\"https:\/\/www.boberehab.se\/wp-content\/uploads\/2024\/09\/chain-227x300.jpg 227w, https:\/\/www.boberehab.se\/wp-content\/uploads\/2024\/09\/chain.jpg 250w\" sizes=\"(max-width: 227px) 100vw, 227px\" \/>H\u00e4r \u00e4r n\u00e5gra l\u00e4nkar jag kan rekommendera f\u00f6r vidare l\u00e4sning.<\/strong><\/p>\n<ul>\n<li><a href=\"http:\/\/www.aa.se\">AA &#8211; Anonyma Alkoholister: www.aa.se<\/a><\/li>\n<li><a href=\"http:\/\/www.acoa-sverige.org\">ACoA \u2013 Vuxna Barn till Alkoholister: www.acoa-sverige.org<\/a><\/li>\n<li><a href=\"http:\/\/www.alanon.se\">Al-anon \u2013 Anh\u00f6riga till Alkoholister: www.alanon.se<\/a><\/li>\n<li><a href=\"http:\/\/www.nasverige.org\">NA &#8211; Anonyma Narkomaner: www.nasverige.org<\/a><\/li>\n<li>GA &#8211; karlstad@spelberoende.se<\/li>\n<\/ul>\n","protected":false},"excerpt":{"rendered":"<p>H\u00e4r \u00e4r n\u00e5gra l\u00e4nkar jag kan rekommendera f\u00f6r vidare l\u00e4sning. AA &#8211; Anonyma Alkoholister: www.aa.se ACoA \u2013 Vuxna Barn till Alkoholister: www.acoa-sverige.org Al-anon \u2013 Anh\u00f6riga till Alkoholister: www.alanon.se NA &#8211; Anonyma Narkomaner: www.nasverige.org GA &#8211; karlstad@spelberoende.se<\/p>\n","protected":false},"author":1,"featured_media":0,"parent":0,"menu_order":4,"comment_status":"open","ping_status":"open","template":"","meta":{"footnotes":""},"class_list":["post-10","page","type-page","status-publish","hentry"],"_links":{"self":[{"href":"https:\/\/www.boberehab.se\/index.php?rest_route=\/wp\/v2\/pages\/10"}],"collection":[{"href":"https:\/\/www.boberehab.se\/index.php?rest_route=\/wp\/v2\/pages"}],"about":[{"href":"https:\/\/www.boberehab.se\/index.php?rest_route=\/wp\/v2\/types\/page"}],"author":[{"embeddable":true,"href":"https:\/\/www.boberehab.se\/index.php?rest_route=\/wp\/v2\/users\/1"}],"replies":[{"embeddable":true,"href":"https:\/\/www.boberehab.se\/index.php?rest_route=%2Fwp%2Fv2%2Fcomments&post=10"}],"version-history":[{"count":1,"href":"https:\/\/www.boberehab.se\/index.php?rest_route=\/wp\/v2\/pages\/10\/revisions"}],"predecessor-version":[{"id":75,"href":"https:\/\/www.boberehab.se\/index.php?rest_route=\/wp\/v2\/pages\/10\/revisions\/75"}],"wp:attachment":[{"href":"https:\/\/www.boberehab.se\/index.php?rest_route=%2Fwp%2Fv2%2Fmedia&parent=10"}],"curies":[{"name":"wp","href":"https:\/\/api.w.org\/{rel}","templated":true}]}}