{"id":32,"date":"2018-05-01T19:23:36","date_gmt":"2018-05-01T19:23:36","guid":{"rendered":"http:\/\/boberehab.se\/?page_id=32"},"modified":"2024-09-15T21:39:54","modified_gmt":"2024-09-15T19:39:54","slug":"referenser","status":"publish","type":"page","link":"https:\/\/www.boberehab.se\/?page_id=32","title":{"rendered":"Samarbetspartner"},"content":{"rendered":"<ul>\n<li><img loading=\"lazy\" decoding=\"async\" class=\"alignright size-medium wp-image-61\" src=\"https:\/\/www.boberehab.se\/wp-content\/uploads\/2024\/09\/referenser-274x300.jpg\" alt=\"\" width=\"274\" height=\"300\" srcset=\"https:\/\/www.boberehab.se\/wp-content\/uploads\/2024\/09\/referenser-274x300.jpg 274w, https:\/\/www.boberehab.se\/wp-content\/uploads\/2024\/09\/referenser.jpg 376w\" sizes=\"(max-width: 274px) 100vw, 274px\" \/>Falck F\u00f6retagsh\u00e4lsa Karlstad<\/li>\n<li>KMTi F\u00f6retagsh\u00e4lsa<\/li>\n<li>Helhetsh\u00e4lsa f\u00f6r f\u00f6retag AB<\/li>\n<li>Malingsbo Rehabcenter S\u00f6derb\u00e4rke<\/li>\n<li>Regionh\u00e4lsan V\u00e4rmland<\/li>\n<li>Fryksdalsh\u00e4lsan Sunne<\/li>\n<li>Christina Morero Psykoterapi och handledning AB<\/li>\n<li>Ask4life Anna Sundkvist<\/li>\n<\/ul>\n","protected":false},"excerpt":{"rendered":"<p>Falck F\u00f6retagsh\u00e4lsa Karlstad KMTi F\u00f6retagsh\u00e4lsa Helhetsh\u00e4lsa f\u00f6r f\u00f6retag AB Malingsbo Rehabcenter S\u00f6derb\u00e4rke Regionh\u00e4lsan V\u00e4rmland Fryksdalsh\u00e4lsan Sunne Christina Morero Psykoterapi och handledning AB Ask4life Anna Sundkvist<\/p>\n","protected":false},"author":1,"featured_media":0,"parent":0,"menu_order":3,"comment_status":"open","ping_status":"open","template":"","meta":{"footnotes":""},"class_list":["post-32","page","type-page","status-publish","hentry"],"_links":{"self":[{"href":"https:\/\/www.boberehab.se\/index.php?rest_route=\/wp\/v2\/pages\/32"}],"collection":[{"href":"https:\/\/www.boberehab.se\/index.php?rest_route=\/wp\/v2\/pages"}],"about":[{"href":"https:\/\/www.boberehab.se\/index.php?rest_route=\/wp\/v2\/types\/page"}],"author":[{"embeddable":true,"href":"https:\/\/www.boberehab.se\/index.php?rest_route=\/wp\/v2\/users\/1"}],"replies":[{"embeddable":true,"href":"https:\/\/www.boberehab.se\/index.php?rest_route=%2Fwp%2Fv2%2Fcomments&post=32"}],"version-history":[{"count":1,"href":"https:\/\/www.boberehab.se\/index.php?rest_route=\/wp\/v2\/pages\/32\/revisions"}],"predecessor-version":[{"id":74,"href":"https:\/\/www.boberehab.se\/index.php?rest_route=\/wp\/v2\/pages\/32\/revisions\/74"}],"wp:attachment":[{"href":"https:\/\/www.boberehab.se\/index.php?rest_route=%2Fwp%2Fv2%2Fmedia&parent=32"}],"curies":[{"name":"wp","href":"https:\/\/api.w.org\/{rel}","templated":true}]}}