{"id":7,"date":"2018-05-01T18:53:46","date_gmt":"2018-05-01T18:53:46","guid":{"rendered":"http:\/\/boberehab.se\/?page_id=2"},"modified":"2024-09-15T21:36:57","modified_gmt":"2024-09-15T19:36:57","slug":"sample-page","status":"publish","type":"page","link":"https:\/\/www.boberehab.se\/","title":{"rendered":"V\u00e4lkommen!"},"content":{"rendered":"<p><img loading=\"lazy\" decoding=\"async\" class=\"alignright size-medium wp-image-45\" src=\"https:\/\/www.boberehab.se\/wp-content\/uploads\/2024\/09\/bosse-234x300.png\" alt=\"\" width=\"234\" height=\"300\" srcset=\"https:\/\/www.boberehab.se\/wp-content\/uploads\/2024\/09\/bosse-234x300.png 234w, https:\/\/www.boberehab.se\/wp-content\/uploads\/2024\/09\/bosse.png 246w\" sizes=\"(max-width: 234px) 100vw, 234px\" \/>Jag heter Bosse Belm\u00e9n. Jag jobbar som Alkohol\/drogterapeut (beroendeterapeut). Jag har ett eget f\u00f6retag i Karlstad som heter BoBe rehab, jobbar i huvudsak mot f\u00f6retagsh\u00e4lsan i V\u00e4rmland med kartl\u00e4ggning och behandling i enskilda samtal. Mitt m\u00e5l \u00e4r att f\u00e5 m\u00e4nniskor att f\u00f6rst\u00e5 och komma till insikt om sin problematik och slutligen acceptera f\u00f6r att kunna jobba vidare mot tillfrisknande.<\/p>\n<p>Jag b\u00f6rjade p\u00e5 Svenska Jellinek-institutet och utbildade mig till Diplomerad A\/D-terapeut och blev klar Maj 2002. Jag har \u00e4ven under 2006 genomg\u00e5tt Statens folkh\u00e4lsoinstitut och Spelinstitutets utbildning om spel och spelberoende.<\/p>\n<p>G\u00e5r i handledning l\u00f6pande i process, d\u00e4r jag f\u00e5tt en grundl\u00e4ggande utbildning utifr\u00e5n Transaktionsanalys (TA).<\/p>\n","protected":false},"excerpt":{"rendered":"<p>Jag heter Bosse Belm\u00e9n. Jag jobbar som Alkohol\/drogterapeut (beroendeterapeut). Jag har ett eget f\u00f6retag i Karlstad som heter BoBe rehab, jobbar i huvudsak mot f\u00f6retagsh\u00e4lsan i V\u00e4rmland med kartl\u00e4ggning och behandling i enskilda samtal. Mitt m\u00e5l \u00e4r att f\u00e5 m\u00e4nniskor &hellip; <a href=\"https:\/\/www.boberehab.se\/\">Forts\u00e4tt l\u00e4sa <span class=\"meta-nav\">&rarr;<\/span><\/a><\/p>\n","protected":false},"author":1,"featured_media":0,"parent":0,"menu_order":1,"comment_status":"open","ping_status":"open","template":"","meta":{"footnotes":""},"class_list":["post-7","page","type-page","status-publish","hentry"],"_links":{"self":[{"href":"https:\/\/www.boberehab.se\/index.php?rest_route=\/wp\/v2\/pages\/7"}],"collection":[{"href":"https:\/\/www.boberehab.se\/index.php?rest_route=\/wp\/v2\/pages"}],"about":[{"href":"https:\/\/www.boberehab.se\/index.php?rest_route=\/wp\/v2\/types\/page"}],"author":[{"embeddable":true,"href":"https:\/\/www.boberehab.se\/index.php?rest_route=\/wp\/v2\/users\/1"}],"replies":[{"embeddable":true,"href":"https:\/\/www.boberehab.se\/index.php?rest_route=%2Fwp%2Fv2%2Fcomments&post=7"}],"version-history":[{"count":1,"href":"https:\/\/www.boberehab.se\/index.php?rest_route=\/wp\/v2\/pages\/7\/revisions"}],"predecessor-version":[{"id":72,"href":"https:\/\/www.boberehab.se\/index.php?rest_route=\/wp\/v2\/pages\/7\/revisions\/72"}],"wp:attachment":[{"href":"https:\/\/www.boberehab.se\/index.php?rest_route=%2Fwp%2Fv2%2Fmedia&parent=7"}],"curies":[{"name":"wp","href":"https:\/\/api.w.org\/{rel}","templated":true}]}}